{"id":101,"date":"2014-03-13T19:58:55","date_gmt":"2014-03-13T18:58:55","guid":{"rendered":"http:\/\/derechointernacionalpublico.umh.es\/?page_id=101"},"modified":"2024-10-30T18:18:33","modified_gmt":"2024-10-30T17:18:33","slug":"catedra-jean-monnet","status":"publish","type":"page","link":"https:\/\/derechointernacionalpublico.umh.es\/ca\/programa-jean-monnet\/catedra-jean-monnet\/","title":{"rendered":"<span lang=\"es\">(Espa\u00f1ol) C\u00e1tedra Jean Monnet: La acci\u00f3n exterior de la UE en materia de protecci\u00f3n de los derechos humanos (2013-2016)<\/span>"},"content":{"rendered":"<p class=\"qtranxs-available-languages-message qtranxs-available-languages-message-ca\">Ho sentim, aquesta entrada es troba disponible \u00fanicament en <a href=\"https:\/\/derechointernacionalpublico.umh.es\/es\/wp-json\/wp\/v2\/pages\/101\" class=\"qtranxs-available-language-link qtranxs-available-language-link-es\" title=\"Espa\u00f1ol\">Espanyol Europeu<\/a>.<\/p>","protected":false},"excerpt":{"rendered":"<p>Ho sentim, aquesta entrada es troba disponible \u00fanicament en Espanyol Europeu.<\/p>\n","protected":false},"author":789,"featured_media":0,"parent":100,"menu_order":2,"comment_status":"closed","ping_status":"open","template":"","meta":{"ngg_post_thumbnail":0,"_links_to":"","_links_to_target":""},"_links":{"self":[{"href":"https:\/\/derechointernacionalpublico.umh.es\/ca\/wp-json\/wp\/v2\/pages\/101"}],"collection":[{"href":"https:\/\/derechointernacionalpublico.umh.es\/ca\/wp-json\/wp\/v2\/pages"}],"about":[{"href":"https:\/\/derechointernacionalpublico.umh.es\/ca\/wp-json\/wp\/v2\/types\/page"}],"author":[{"embeddable":true,"href":"https:\/\/derechointernacionalpublico.umh.es\/ca\/wp-json\/wp\/v2\/users\/789"}],"replies":[{"embeddable":true,"href":"https:\/\/derechointernacionalpublico.umh.es\/ca\/wp-json\/wp\/v2\/comments?post=101"}],"version-history":[{"count":0,"href":"https:\/\/derechointernacionalpublico.umh.es\/ca\/wp-json\/wp\/v2\/pages\/101\/revisions"}],"up":[{"embeddable":true,"href":"https:\/\/derechointernacionalpublico.umh.es\/ca\/wp-json\/wp\/v2\/pages\/100"}],"wp:attachment":[{"href":"https:\/\/derechointernacionalpublico.umh.es\/ca\/wp-json\/wp\/v2\/media?parent=101"}],"curies":[{"name":"wp","href":"https:\/\/api.w.org\/{rel}","templated":true}]}}