{"id":1118,"date":"2021-11-12T09:49:50","date_gmt":"2021-11-12T08:49:50","guid":{"rendered":"https:\/\/derechointernacionalpublico.umh.es\/?page_id=1118"},"modified":"2023-12-04T19:36:02","modified_gmt":"2023-12-04T18:36:02","slug":"mesa-redonda-crimenes-de-guerra-y-proteccion-diplomatica-fallida-el-asunto-couso-deberia-indemnizar-la-administracion-espanola","status":"publish","type":"page","link":"https:\/\/derechointernacionalpublico.umh.es\/ca\/actividades\/jornadas-seminarios\/curso-2021-22\/mesa-redonda-crimenes-de-guerra-y-proteccion-diplomatica-fallida-el-asunto-couso-deberia-indemnizar-la-administracion-espanola\/","title":{"rendered":"<span lang=\"es\">(Espa\u00f1ol) Mesa redonda \u201cCr\u00edmenes de guerra y protecci\u00f3n diplom\u00e1tica fallida: El asunto Couso. \u00bfDeber\u00eda indemnizar la administraci\u00f3n espa\u00f1ola?<\/span>"},"content":{"rendered":"<p class=\"qtranxs-available-languages-message qtranxs-available-languages-message-ca\">Ho sentim, aquesta entrada es troba disponible \u00fanicament en <a href=\"https:\/\/derechointernacionalpublico.umh.es\/es\/wp-json\/wp\/v2\/pages\/1118\" class=\"qtranxs-available-language-link qtranxs-available-language-link-es\" title=\"Espa\u00f1ol\">Espanyol Europeu<\/a>.<\/p>","protected":false},"excerpt":{"rendered":"<p>Ho sentim, aquesta entrada es troba disponible \u00fanicament en Espanyol Europeu.<\/p>\n","protected":false},"author":789,"featured_media":0,"parent":1085,"menu_order":5,"comment_status":"closed","ping_status":"closed","template":"","meta":{"ngg_post_thumbnail":0,"_links_to":"","_links_to_target":""},"_links":{"self":[{"href":"https:\/\/derechointernacionalpublico.umh.es\/ca\/wp-json\/wp\/v2\/pages\/1118"}],"collection":[{"href":"https:\/\/derechointernacionalpublico.umh.es\/ca\/wp-json\/wp\/v2\/pages"}],"about":[{"href":"https:\/\/derechointernacionalpublico.umh.es\/ca\/wp-json\/wp\/v2\/types\/page"}],"author":[{"embeddable":true,"href":"https:\/\/derechointernacionalpublico.umh.es\/ca\/wp-json\/wp\/v2\/users\/789"}],"replies":[{"embeddable":true,"href":"https:\/\/derechointernacionalpublico.umh.es\/ca\/wp-json\/wp\/v2\/comments?post=1118"}],"version-history":[{"count":0,"href":"https:\/\/derechointernacionalpublico.umh.es\/ca\/wp-json\/wp\/v2\/pages\/1118\/revisions"}],"up":[{"embeddable":true,"href":"https:\/\/derechointernacionalpublico.umh.es\/ca\/wp-json\/wp\/v2\/pages\/1085"}],"wp:attachment":[{"href":"https:\/\/derechointernacionalpublico.umh.es\/ca\/wp-json\/wp\/v2\/media?parent=1118"}],"curies":[{"name":"wp","href":"https:\/\/api.w.org\/{rel}","templated":true}]}}