{"id":1124,"date":"2021-11-12T10:04:33","date_gmt":"2021-11-12T09:04:33","guid":{"rendered":"https:\/\/derechointernacionalpublico.umh.es\/?page_id=1124"},"modified":"2023-12-04T19:36:30","modified_gmt":"2023-12-04T18:36:30","slug":"i-congreso-internacional-en-litigacion-en-derecho-internacional-publico","status":"publish","type":"page","link":"https:\/\/derechointernacionalpublico.umh.es\/ca\/actividades\/jornadas-seminarios\/curso-2021-22\/i-congreso-internacional-en-litigacion-en-derecho-internacional-publico\/","title":{"rendered":"<span lang=\"es\">(Espa\u00f1ol) I Congreso internacional en litigaci\u00f3n en Derecho Internacional P\u00fablico<\/span>"},"content":{"rendered":"<p class=\"qtranxs-available-languages-message qtranxs-available-languages-message-ca\">Ho sentim, aquesta entrada es troba disponible \u00fanicament en <a href=\"https:\/\/derechointernacionalpublico.umh.es\/es\/wp-json\/wp\/v2\/pages\/1124\" class=\"qtranxs-available-language-link qtranxs-available-language-link-es\" title=\"Espa\u00f1ol\">Espanyol Europeu<\/a>.<\/p>","protected":false},"excerpt":{"rendered":"<p>Ho sentim, aquesta entrada es troba disponible \u00fanicament en Espanyol Europeu.<\/p>\n","protected":false},"author":789,"featured_media":0,"parent":1085,"menu_order":6,"comment_status":"closed","ping_status":"closed","template":"","meta":{"ngg_post_thumbnail":0,"_links_to":"","_links_to_target":""},"_links":{"self":[{"href":"https:\/\/derechointernacionalpublico.umh.es\/ca\/wp-json\/wp\/v2\/pages\/1124"}],"collection":[{"href":"https:\/\/derechointernacionalpublico.umh.es\/ca\/wp-json\/wp\/v2\/pages"}],"about":[{"href":"https:\/\/derechointernacionalpublico.umh.es\/ca\/wp-json\/wp\/v2\/types\/page"}],"author":[{"embeddable":true,"href":"https:\/\/derechointernacionalpublico.umh.es\/ca\/wp-json\/wp\/v2\/users\/789"}],"replies":[{"embeddable":true,"href":"https:\/\/derechointernacionalpublico.umh.es\/ca\/wp-json\/wp\/v2\/comments?post=1124"}],"version-history":[{"count":0,"href":"https:\/\/derechointernacionalpublico.umh.es\/ca\/wp-json\/wp\/v2\/pages\/1124\/revisions"}],"up":[{"embeddable":true,"href":"https:\/\/derechointernacionalpublico.umh.es\/ca\/wp-json\/wp\/v2\/pages\/1085"}],"wp:attachment":[{"href":"https:\/\/derechointernacionalpublico.umh.es\/ca\/wp-json\/wp\/v2\/media?parent=1124"}],"curies":[{"name":"wp","href":"https:\/\/api.w.org\/{rel}","templated":true}]}}