{"id":14,"date":"2013-06-06T17:05:38","date_gmt":"2013-06-06T17:05:38","guid":{"rendered":"http:\/\/derechointernacionalpublico.umh.es\/investigacion\/lineas-de-trabajo\/estudio-de-la-practica-espanola-en-derecho-internacional-y-de-la-union-europea\/"},"modified":"2023-12-01T18:59:11","modified_gmt":"2023-12-01T17:59:11","slug":"estudio-de-la-practica-espanola-en-derecho-internacional-y-de-la-union-europea","status":"publish","type":"page","link":"https:\/\/derechointernacionalpublico.umh.es\/ca\/investigacion\/lineas-de-trabajo\/estudio-de-la-practica-espanola-en-derecho-internacional-y-de-la-union-europea\/","title":{"rendered":"<span lang=\"es\">(Espa\u00f1ol) Estudio de la pr\u00e1ctica espa\u00f1ola en Derecho Internacional y de la Uni\u00f3n Europea.<\/span>"},"content":{"rendered":"<p class=\"qtranxs-available-languages-message qtranxs-available-languages-message-ca\">Ho sentim, aquesta entrada es troba disponible \u00fanicament en <a href=\"https:\/\/derechointernacionalpublico.umh.es\/es\/wp-json\/wp\/v2\/pages\/14\" class=\"qtranxs-available-language-link qtranxs-available-language-link-es\" title=\"Espa\u00f1ol\">Espanyol Europeu<\/a>.<\/p>","protected":false},"excerpt":{"rendered":"<p>Ho sentim, aquesta entrada es troba disponible \u00fanicament en Espanyol Europeu.<\/p>\n","protected":false},"author":2793,"featured_media":0,"parent":13,"menu_order":0,"comment_status":"closed","ping_status":"open","template":"","meta":{"ngg_post_thumbnail":0,"_links_to":"","_links_to_target":""},"_links":{"self":[{"href":"https:\/\/derechointernacionalpublico.umh.es\/ca\/wp-json\/wp\/v2\/pages\/14"}],"collection":[{"href":"https:\/\/derechointernacionalpublico.umh.es\/ca\/wp-json\/wp\/v2\/pages"}],"about":[{"href":"https:\/\/derechointernacionalpublico.umh.es\/ca\/wp-json\/wp\/v2\/types\/page"}],"author":[{"embeddable":true,"href":"https:\/\/derechointernacionalpublico.umh.es\/ca\/wp-json\/wp\/v2\/users\/2793"}],"replies":[{"embeddable":true,"href":"https:\/\/derechointernacionalpublico.umh.es\/ca\/wp-json\/wp\/v2\/comments?post=14"}],"version-history":[{"count":0,"href":"https:\/\/derechointernacionalpublico.umh.es\/ca\/wp-json\/wp\/v2\/pages\/14\/revisions"}],"up":[{"embeddable":true,"href":"https:\/\/derechointernacionalpublico.umh.es\/ca\/wp-json\/wp\/v2\/pages\/13"}],"wp:attachment":[{"href":"https:\/\/derechointernacionalpublico.umh.es\/ca\/wp-json\/wp\/v2\/media?parent=14"}],"curies":[{"name":"wp","href":"https:\/\/api.w.org\/{rel}","templated":true}]}}