{"id":1838,"date":"2023-12-07T14:14:38","date_gmt":"2023-12-07T13:14:38","guid":{"rendered":"https:\/\/derechointernacionalpublico.umh.es\/?page_id=1838"},"modified":"2025-05-07T14:49:00","modified_gmt":"2025-05-07T12:49:00","slug":"participacion-equipo-umh-en-la-vi-competicion-en-litigacion-internacional-pieu-b-2022-34","status":"publish","type":"page","link":"https:\/\/derechointernacionalpublico.umh.es\/ca\/actividades\/innovacion\/programa-de-innovacion-docente-universitaria-pieu-umh\/participacion-equipo-umh-en-la-vi-competicion-en-litigacion-internacional-pieu-b-2022-34\/","title":{"rendered":"<span lang=\"es\">(Espa\u00f1ol) PARTICIPACI\u00d3N EQUIPO UMH EN LA VI COMPETICI\u00d3N EN LITIGACI\u00d3N INTERNACIONAL (PIEU-B\/2022-34)<\/span>"},"content":{"rendered":"<p class=\"qtranxs-available-languages-message qtranxs-available-languages-message-ca\">Ho sentim, aquesta entrada es troba disponible \u00fanicament en <a href=\"https:\/\/derechointernacionalpublico.umh.es\/es\/wp-json\/wp\/v2\/pages\/1838\" class=\"qtranxs-available-language-link qtranxs-available-language-link-es\" title=\"Espa\u00f1ol\">Espanyol Europeu<\/a>.<\/p>","protected":false},"excerpt":{"rendered":"<p>Ho sentim, aquesta entrada es troba disponible \u00fanicament en Espanyol Europeu.<\/p>\n","protected":false},"author":24752,"featured_media":0,"parent":1796,"menu_order":20,"comment_status":"closed","ping_status":"closed","template":"","meta":{"ngg_post_thumbnail":0,"_links_to":"","_links_to_target":""},"_links":{"self":[{"href":"https:\/\/derechointernacionalpublico.umh.es\/ca\/wp-json\/wp\/v2\/pages\/1838"}],"collection":[{"href":"https:\/\/derechointernacionalpublico.umh.es\/ca\/wp-json\/wp\/v2\/pages"}],"about":[{"href":"https:\/\/derechointernacionalpublico.umh.es\/ca\/wp-json\/wp\/v2\/types\/page"}],"author":[{"embeddable":true,"href":"https:\/\/derechointernacionalpublico.umh.es\/ca\/wp-json\/wp\/v2\/users\/24752"}],"replies":[{"embeddable":true,"href":"https:\/\/derechointernacionalpublico.umh.es\/ca\/wp-json\/wp\/v2\/comments?post=1838"}],"version-history":[{"count":0,"href":"https:\/\/derechointernacionalpublico.umh.es\/ca\/wp-json\/wp\/v2\/pages\/1838\/revisions"}],"up":[{"embeddable":true,"href":"https:\/\/derechointernacionalpublico.umh.es\/ca\/wp-json\/wp\/v2\/pages\/1796"}],"wp:attachment":[{"href":"https:\/\/derechointernacionalpublico.umh.es\/ca\/wp-json\/wp\/v2\/media?parent=1838"}],"curies":[{"name":"wp","href":"https:\/\/api.w.org\/{rel}","templated":true}]}}