{"id":2071,"date":"2024-11-20T16:39:04","date_gmt":"2024-11-20T15:39:04","guid":{"rendered":"https:\/\/derechointernacionalpublico.umh.es\/?page_id=2071"},"modified":"2025-05-07T14:50:05","modified_gmt":"2025-05-07T12:50:05","slug":"el-derecho-del-mar-en-accion-aprendiendo-a-traves-de-la-gamificacion-y-el-cine-pieu-b-2024-13","status":"publish","type":"page","link":"https:\/\/derechointernacionalpublico.umh.es\/ca\/actividades\/innovacion\/programa-de-innovacion-docente-universitaria-pieu-umh\/el-derecho-del-mar-en-accion-aprendiendo-a-traves-de-la-gamificacion-y-el-cine-pieu-b-2024-13\/","title":{"rendered":"<span lang=\"es\">(Espa\u00f1ol) EL DERECHO DEL MAR EN ACCI\u00d3N: APRENDIENDO A TRAV\u00c9S DE LA GAMIFICACI\u00d3N Y EL CINE (PIEU-B\/2024\/13)<\/span>"},"content":{"rendered":"<p class=\"qtranxs-available-languages-message qtranxs-available-languages-message-ca\">Ho sentim, aquesta entrada es troba disponible \u00fanicament en <a href=\"https:\/\/derechointernacionalpublico.umh.es\/es\/wp-json\/wp\/v2\/pages\/2071\" class=\"qtranxs-available-language-link qtranxs-available-language-link-es\" title=\"Espa\u00f1ol\">Espanyol Europeu<\/a>.<\/p>","protected":false},"excerpt":{"rendered":"<p>Ho sentim, aquesta entrada es troba disponible \u00fanicament en Espanyol Europeu.<\/p>\n","protected":false},"author":24752,"featured_media":0,"parent":1796,"menu_order":18,"comment_status":"closed","ping_status":"closed","template":"","meta":{"ngg_post_thumbnail":0,"_links_to":"","_links_to_target":""},"_links":{"self":[{"href":"https:\/\/derechointernacionalpublico.umh.es\/ca\/wp-json\/wp\/v2\/pages\/2071"}],"collection":[{"href":"https:\/\/derechointernacionalpublico.umh.es\/ca\/wp-json\/wp\/v2\/pages"}],"about":[{"href":"https:\/\/derechointernacionalpublico.umh.es\/ca\/wp-json\/wp\/v2\/types\/page"}],"author":[{"embeddable":true,"href":"https:\/\/derechointernacionalpublico.umh.es\/ca\/wp-json\/wp\/v2\/users\/24752"}],"replies":[{"embeddable":true,"href":"https:\/\/derechointernacionalpublico.umh.es\/ca\/wp-json\/wp\/v2\/comments?post=2071"}],"version-history":[{"count":0,"href":"https:\/\/derechointernacionalpublico.umh.es\/ca\/wp-json\/wp\/v2\/pages\/2071\/revisions"}],"up":[{"embeddable":true,"href":"https:\/\/derechointernacionalpublico.umh.es\/ca\/wp-json\/wp\/v2\/pages\/1796"}],"wp:attachment":[{"href":"https:\/\/derechointernacionalpublico.umh.es\/ca\/wp-json\/wp\/v2\/media?parent=2071"}],"curies":[{"name":"wp","href":"https:\/\/api.w.org\/{rel}","templated":true}]}}