{"id":2293,"date":"2025-05-07T14:40:18","date_gmt":"2025-05-07T12:40:18","guid":{"rendered":"https:\/\/derechointernacionalpublico.umh.es\/?page_id=2293"},"modified":"2025-05-07T14:50:56","modified_gmt":"2025-05-07T12:50:56","slug":"role-playing-simulando-entrevistas-a-expertos-en-materia-de-inmigracion-y-asilo-en-el-espacio-de-libertad-seguridad-y-justicia-de-la-union-europea","status":"publish","type":"page","link":"https:\/\/derechointernacionalpublico.umh.es\/ca\/actividades\/innovacion\/programa-de-innovacion-docente-universitaria-pieu-umh\/role-playing-simulando-entrevistas-a-expertos-en-materia-de-inmigracion-y-asilo-en-el-espacio-de-libertad-seguridad-y-justicia-de-la-union-europea\/","title":{"rendered":"<span lang=\"es\">(Espa\u00f1ol) ROLE PLAYING: SIMULANDO ENTREVISTAS A EXPERTOS EN MATERIA DE INMIGRACI\u00d3N Y ASILO EN EL ESPACIO DE LIBERTAD, SEGURIDAD Y JUSTICIA DE LA UNI\u00d3N EUROPEA<\/span>"},"content":{"rendered":"<p class=\"qtranxs-available-languages-message qtranxs-available-languages-message-ca\">Ho sentim, aquesta entrada es troba disponible \u00fanicament en <a href=\"https:\/\/derechointernacionalpublico.umh.es\/es\/wp-json\/wp\/v2\/pages\/2293\" class=\"qtranxs-available-language-link qtranxs-available-language-link-es\" title=\"Espa\u00f1ol\">Espanyol Europeu<\/a>.<\/p>","protected":false},"excerpt":{"rendered":"<p>Ho sentim, aquesta entrada es troba disponible \u00fanicament en Espanyol Europeu.<\/p>\n","protected":false},"author":24752,"featured_media":0,"parent":1796,"menu_order":17,"comment_status":"closed","ping_status":"closed","template":"","meta":{"ngg_post_thumbnail":0,"_links_to":"","_links_to_target":""},"_links":{"self":[{"href":"https:\/\/derechointernacionalpublico.umh.es\/ca\/wp-json\/wp\/v2\/pages\/2293"}],"collection":[{"href":"https:\/\/derechointernacionalpublico.umh.es\/ca\/wp-json\/wp\/v2\/pages"}],"about":[{"href":"https:\/\/derechointernacionalpublico.umh.es\/ca\/wp-json\/wp\/v2\/types\/page"}],"author":[{"embeddable":true,"href":"https:\/\/derechointernacionalpublico.umh.es\/ca\/wp-json\/wp\/v2\/users\/24752"}],"replies":[{"embeddable":true,"href":"https:\/\/derechointernacionalpublico.umh.es\/ca\/wp-json\/wp\/v2\/comments?post=2293"}],"version-history":[{"count":0,"href":"https:\/\/derechointernacionalpublico.umh.es\/ca\/wp-json\/wp\/v2\/pages\/2293\/revisions"}],"up":[{"embeddable":true,"href":"https:\/\/derechointernacionalpublico.umh.es\/ca\/wp-json\/wp\/v2\/pages\/1796"}],"wp:attachment":[{"href":"https:\/\/derechointernacionalpublico.umh.es\/ca\/wp-json\/wp\/v2\/media?parent=2293"}],"curies":[{"name":"wp","href":"https:\/\/api.w.org\/{rel}","templated":true}]}}