{"id":31,"date":"2013-06-06T17:22:37","date_gmt":"2013-06-06T17:22:37","guid":{"rendered":"http:\/\/derechointernacionalpublico.umh.es\/proyectos\/ambito-nacional\/la-politica-mediterranea-de-la-ue-en-perspectiva-el-proceso-de-barcelona-la-union-para-el-mediterraneo-y-los-intereses-espanoles-i\/"},"modified":"2025-10-19T20:13:06","modified_gmt":"2025-10-19T18:13:06","slug":"la-politica-mediterranea-de-la-ue-en-perspectiva-el-proceso-de-barcelona-la-union-para-el-mediterraneo-y-los-intereses-espanoles-i","status":"publish","type":"page","link":"https:\/\/derechointernacionalpublico.umh.es\/ca\/investigacion\/proyectos\/ambito-nacional\/la-politica-mediterranea-de-la-ue-en-perspectiva-el-proceso-de-barcelona-la-union-para-el-mediterraneo-y-los-intereses-espanoles-i\/","title":{"rendered":"<span lang=\"es\">(Espa\u00f1ol) LA POL\u00cdTICA MEDITERR\u00c1NEA DE LA UE EN PERSPECTIVA: EL PROCESO DE BARCELONA, LA UNI\u00d3N PARA EL MEDITERR\u00c1NEO Y LOS INTERESES ESPA\u00d1OLES (I)<\/span>"},"content":{"rendered":"<p class=\"qtranxs-available-languages-message qtranxs-available-languages-message-ca\">Ho sentim, aquesta entrada es troba disponible \u00fanicament en <a href=\"https:\/\/derechointernacionalpublico.umh.es\/es\/wp-json\/wp\/v2\/pages\/31\" class=\"qtranxs-available-language-link qtranxs-available-language-link-es\" title=\"Espa\u00f1ol\">Espanyol Europeu<\/a>.<\/p>","protected":false},"excerpt":{"rendered":"<p>Ho sentim, aquesta entrada es troba disponible \u00fanicament en Espanyol Europeu.<\/p>\n","protected":false},"author":2793,"featured_media":0,"parent":29,"menu_order":15,"comment_status":"closed","ping_status":"open","template":"","meta":{"ngg_post_thumbnail":0,"_links_to":"","_links_to_target":""},"_links":{"self":[{"href":"https:\/\/derechointernacionalpublico.umh.es\/ca\/wp-json\/wp\/v2\/pages\/31"}],"collection":[{"href":"https:\/\/derechointernacionalpublico.umh.es\/ca\/wp-json\/wp\/v2\/pages"}],"about":[{"href":"https:\/\/derechointernacionalpublico.umh.es\/ca\/wp-json\/wp\/v2\/types\/page"}],"author":[{"embeddable":true,"href":"https:\/\/derechointernacionalpublico.umh.es\/ca\/wp-json\/wp\/v2\/users\/2793"}],"replies":[{"embeddable":true,"href":"https:\/\/derechointernacionalpublico.umh.es\/ca\/wp-json\/wp\/v2\/comments?post=31"}],"version-history":[{"count":0,"href":"https:\/\/derechointernacionalpublico.umh.es\/ca\/wp-json\/wp\/v2\/pages\/31\/revisions"}],"up":[{"embeddable":true,"href":"https:\/\/derechointernacionalpublico.umh.es\/ca\/wp-json\/wp\/v2\/pages\/29"}],"wp:attachment":[{"href":"https:\/\/derechointernacionalpublico.umh.es\/ca\/wp-json\/wp\/v2\/media?parent=31"}],"curies":[{"name":"wp","href":"https:\/\/api.w.org\/{rel}","templated":true}]}}