{"id":32,"date":"2013-06-06T17:23:35","date_gmt":"2013-06-06T17:23:35","guid":{"rendered":"http:\/\/derechointernacionalpublico.umh.es\/proyectos\/ambito-nacional\/la-proteccion-de-las-inversiones-exteriores-espanolas-en-materia-de-energia-estudio-de-la-practica-arbitral-sobre-disputas-de-petroleo-y-gas-natural\/"},"modified":"2025-10-19T20:12:15","modified_gmt":"2025-10-19T18:12:15","slug":"la-proteccion-de-las-inversiones-exteriores-espanolas-en-materia-de-energia-estudio-de-la-practica-arbitral-sobre-disputas-de-petroleo-y-gas-natural","status":"publish","type":"page","link":"https:\/\/derechointernacionalpublico.umh.es\/ca\/investigacion\/proyectos\/ambito-nacional\/la-proteccion-de-las-inversiones-exteriores-espanolas-en-materia-de-energia-estudio-de-la-practica-arbitral-sobre-disputas-de-petroleo-y-gas-natural\/","title":{"rendered":"<span lang=\"es\">(Espa\u00f1ol) LA PROTECCI\u00d3N DE LAS INVERSIONES EXTERIORES ESPA\u00d1OLAS EN MATERIA DE ENERG\u00cdA: ESTUDIO DE LA PR\u00c1CTICA ARBITRAL SOBRE DISPUTAS DE PETR\u00d3LEO Y GAS NATURAL<\/span>"},"content":{"rendered":"<p class=\"qtranxs-available-languages-message qtranxs-available-languages-message-ca\">Ho sentim, aquesta entrada es troba disponible \u00fanicament en <a href=\"https:\/\/derechointernacionalpublico.umh.es\/es\/wp-json\/wp\/v2\/pages\/32\" class=\"qtranxs-available-language-link qtranxs-available-language-link-es\" title=\"Espa\u00f1ol\">Espanyol Europeu<\/a>.<\/p>","protected":false},"excerpt":{"rendered":"<p>Ho sentim, aquesta entrada es troba disponible \u00fanicament en Espanyol Europeu.<\/p>\n","protected":false},"author":2793,"featured_media":0,"parent":29,"menu_order":16,"comment_status":"closed","ping_status":"open","template":"","meta":{"ngg_post_thumbnail":0,"_links_to":"","_links_to_target":""},"_links":{"self":[{"href":"https:\/\/derechointernacionalpublico.umh.es\/ca\/wp-json\/wp\/v2\/pages\/32"}],"collection":[{"href":"https:\/\/derechointernacionalpublico.umh.es\/ca\/wp-json\/wp\/v2\/pages"}],"about":[{"href":"https:\/\/derechointernacionalpublico.umh.es\/ca\/wp-json\/wp\/v2\/types\/page"}],"author":[{"embeddable":true,"href":"https:\/\/derechointernacionalpublico.umh.es\/ca\/wp-json\/wp\/v2\/users\/2793"}],"replies":[{"embeddable":true,"href":"https:\/\/derechointernacionalpublico.umh.es\/ca\/wp-json\/wp\/v2\/comments?post=32"}],"version-history":[{"count":0,"href":"https:\/\/derechointernacionalpublico.umh.es\/ca\/wp-json\/wp\/v2\/pages\/32\/revisions"}],"up":[{"embeddable":true,"href":"https:\/\/derechointernacionalpublico.umh.es\/ca\/wp-json\/wp\/v2\/pages\/29"}],"wp:attachment":[{"href":"https:\/\/derechointernacionalpublico.umh.es\/ca\/wp-json\/wp\/v2\/media?parent=32"}],"curies":[{"name":"wp","href":"https:\/\/api.w.org\/{rel}","templated":true}]}}