{"id":560,"date":"2019-01-30T14:16:50","date_gmt":"2019-01-30T13:16:50","guid":{"rendered":"http:\/\/derechointernacionalpublico.umh.es\/?page_id=560"},"modified":"2023-12-04T19:38:46","modified_gmt":"2023-12-04T18:38:46","slug":"congreso-internacional-reflexiones-sobre-el-papel-de-la-ue-y-sus-estados-miembros-ante-la-crisis-migratoria-de-los-ultimos-anos","status":"publish","type":"page","link":"https:\/\/derechointernacionalpublico.umh.es\/ca\/actividades\/jornadas-seminarios\/curso-2018-19\/congreso-internacional-reflexiones-sobre-el-papel-de-la-ue-y-sus-estados-miembros-ante-la-crisis-migratoria-de-los-ultimos-anos\/","title":{"rendered":"<span lang=\"es\">(Espa\u00f1ol) CONGRESO INTERNACIONAL: REFLEXIONES SOBRE EL PAPEL DE LA UE Y SUS ESTADOS MIEMBROS ANTE LA CRISIS MIGRATORIA DE LOS \u00daLTIMOS A\u00d1OS<\/span>"},"content":{"rendered":"<p><!--more--><\/p>","protected":false},"excerpt":{"rendered":"","protected":false},"author":789,"featured_media":0,"parent":551,"menu_order":2,"comment_status":"closed","ping_status":"closed","template":"","meta":{"ngg_post_thumbnail":0,"_links_to":"","_links_to_target":""},"_links":{"self":[{"href":"https:\/\/derechointernacionalpublico.umh.es\/ca\/wp-json\/wp\/v2\/pages\/560"}],"collection":[{"href":"https:\/\/derechointernacionalpublico.umh.es\/ca\/wp-json\/wp\/v2\/pages"}],"about":[{"href":"https:\/\/derechointernacionalpublico.umh.es\/ca\/wp-json\/wp\/v2\/types\/page"}],"author":[{"embeddable":true,"href":"https:\/\/derechointernacionalpublico.umh.es\/ca\/wp-json\/wp\/v2\/users\/789"}],"replies":[{"embeddable":true,"href":"https:\/\/derechointernacionalpublico.umh.es\/ca\/wp-json\/wp\/v2\/comments?post=560"}],"version-history":[{"count":0,"href":"https:\/\/derechointernacionalpublico.umh.es\/ca\/wp-json\/wp\/v2\/pages\/560\/revisions"}],"up":[{"embeddable":true,"href":"https:\/\/derechointernacionalpublico.umh.es\/ca\/wp-json\/wp\/v2\/pages\/551"}],"wp:attachment":[{"href":"https:\/\/derechointernacionalpublico.umh.es\/ca\/wp-json\/wp\/v2\/media?parent=560"}],"curies":[{"name":"wp","href":"https:\/\/api.w.org\/{rel}","templated":true}]}}