{"id":776,"date":"2019-12-10T15:50:39","date_gmt":"2019-12-10T14:50:39","guid":{"rendered":"https:\/\/derechointernacionalpublico.umh.es\/?page_id=776"},"modified":"2023-12-06T20:40:25","modified_gmt":"2023-12-06T19:40:25","slug":"mun-model-of-united-nations-comite-historico-onu-plan-de-naciones-unidas-para-la-particion-de-palestina","status":"publish","type":"page","link":"https:\/\/derechointernacionalpublico.umh.es\/ca\/actividades\/innovacion\/muns-model-of-united-nations\/mun-model-of-united-nations-comite-historico-onu-plan-de-naciones-unidas-para-la-particion-de-palestina\/","title":{"rendered":"<span lang=\"es\">(Espa\u00f1ol) MUN (Model of United Nations) Comit\u00e9 Hist\u00f3rico ONU- Plan de Naciones Unidas para la partici\u00f3n de Palestina<\/span>"},"content":{"rendered":"<p class=\"qtranxs-available-languages-message qtranxs-available-languages-message-ca\">Ho sentim, aquesta entrada es troba disponible \u00fanicament en <a href=\"https:\/\/derechointernacionalpublico.umh.es\/es\/wp-json\/wp\/v2\/pages\/776\" class=\"qtranxs-available-language-link qtranxs-available-language-link-es\" title=\"Espa\u00f1ol\">Espanyol Europeu<\/a>.<\/p>","protected":false},"excerpt":{"rendered":"<p>Ho sentim, aquesta entrada es troba disponible \u00fanicament en Espanyol Europeu.<\/p>\n","protected":false},"author":789,"featured_media":0,"parent":1799,"menu_order":8,"comment_status":"closed","ping_status":"closed","template":"","meta":{"ngg_post_thumbnail":0,"_links_to":"","_links_to_target":""},"_links":{"self":[{"href":"https:\/\/derechointernacionalpublico.umh.es\/ca\/wp-json\/wp\/v2\/pages\/776"}],"collection":[{"href":"https:\/\/derechointernacionalpublico.umh.es\/ca\/wp-json\/wp\/v2\/pages"}],"about":[{"href":"https:\/\/derechointernacionalpublico.umh.es\/ca\/wp-json\/wp\/v2\/types\/page"}],"author":[{"embeddable":true,"href":"https:\/\/derechointernacionalpublico.umh.es\/ca\/wp-json\/wp\/v2\/users\/789"}],"replies":[{"embeddable":true,"href":"https:\/\/derechointernacionalpublico.umh.es\/ca\/wp-json\/wp\/v2\/comments?post=776"}],"version-history":[{"count":0,"href":"https:\/\/derechointernacionalpublico.umh.es\/ca\/wp-json\/wp\/v2\/pages\/776\/revisions"}],"up":[{"embeddable":true,"href":"https:\/\/derechointernacionalpublico.umh.es\/ca\/wp-json\/wp\/v2\/pages\/1799"}],"wp:attachment":[{"href":"https:\/\/derechointernacionalpublico.umh.es\/ca\/wp-json\/wp\/v2\/media?parent=776"}],"curies":[{"name":"wp","href":"https:\/\/api.w.org\/{rel}","templated":true}]}}