{"id":1844,"date":"2023-12-07T14:17:25","date_gmt":"2023-12-07T13:17:25","guid":{"rendered":"https:\/\/derechointernacionalpublico.umh.es\/?page_id=1844"},"modified":"2025-05-07T14:49:14","modified_gmt":"2025-05-07T12:49:14","slug":"taller-practico-iniciativa-ciudadana-sobre-prohibicion-de-la-discriminacion-por-razon-de-orientacion-sexual-en-la-union-europea-pieu-b-2023-38","status":"publish","type":"page","link":"https:\/\/derechointernacionalpublico.umh.es\/en\/actividades\/innovacion\/programa-de-innovacion-docente-universitaria-pieu-umh\/taller-practico-iniciativa-ciudadana-sobre-prohibicion-de-la-discriminacion-por-razon-de-orientacion-sexual-en-la-union-europea-pieu-b-2023-38\/","title":{"rendered":"<span lang=\"es\">(Espa\u00f1ol) TALLER PR\u00c1CTICO: INICIATIVA CIUDADANA SOBRE PROHIBICI\u00d3N DE LA DISCRIMINACI\u00d3N POR RAZ\u00d3N DE ORIENTACI\u00d3N SEXUAL EN LA UNI\u00d3N EUROPEA (PIEU-B\/2023-38)<\/span>"},"content":{"rendered":"<p class=\"qtranxs-available-languages-message qtranxs-available-languages-message-en\">Sorry, this entry is only available in <a href=\"https:\/\/derechointernacionalpublico.umh.es\/es\/wp-json\/wp\/v2\/pages\/1844\" class=\"qtranxs-available-language-link qtranxs-available-language-link-es\" title=\"Espa\u00f1ol\">European Spanish<\/a>.<\/p>","protected":false},"excerpt":{"rendered":"<p>Sorry, this entry is only available in European Spanish.<\/p>\n","protected":false},"author":24752,"featured_media":0,"parent":1796,"menu_order":19,"comment_status":"closed","ping_status":"closed","template":"","meta":{"ngg_post_thumbnail":0,"_links_to":"","_links_to_target":""},"_links":{"self":[{"href":"https:\/\/derechointernacionalpublico.umh.es\/en\/wp-json\/wp\/v2\/pages\/1844"}],"collection":[{"href":"https:\/\/derechointernacionalpublico.umh.es\/en\/wp-json\/wp\/v2\/pages"}],"about":[{"href":"https:\/\/derechointernacionalpublico.umh.es\/en\/wp-json\/wp\/v2\/types\/page"}],"author":[{"embeddable":true,"href":"https:\/\/derechointernacionalpublico.umh.es\/en\/wp-json\/wp\/v2\/users\/24752"}],"replies":[{"embeddable":true,"href":"https:\/\/derechointernacionalpublico.umh.es\/en\/wp-json\/wp\/v2\/comments?post=1844"}],"version-history":[{"count":0,"href":"https:\/\/derechointernacionalpublico.umh.es\/en\/wp-json\/wp\/v2\/pages\/1844\/revisions"}],"up":[{"embeddable":true,"href":"https:\/\/derechointernacionalpublico.umh.es\/en\/wp-json\/wp\/v2\/pages\/1796"}],"wp:attachment":[{"href":"https:\/\/derechointernacionalpublico.umh.es\/en\/wp-json\/wp\/v2\/media?parent=1844"}],"curies":[{"name":"wp","href":"https:\/\/api.w.org\/{rel}","templated":true}]}}