{"id":191,"date":"2015-10-24T20:34:58","date_gmt":"2015-10-24T18:34:58","guid":{"rendered":"http:\/\/derechointernacionalpublico.umh.es\/?page_id=191"},"modified":"2023-12-05T09:15:46","modified_gmt":"2023-12-05T08:15:46","slug":"2o-seminario-que-es-y-como-funciona-la-union-europea","status":"publish","type":"page","link":"https:\/\/derechointernacionalpublico.umh.es\/en\/programa-jean-monnet\/catedra-jean-monnet\/actividades-curso-201415\/2o-seminario-que-es-y-como-funciona-la-union-europea\/","title":{"rendered":"<span lang=\"es\">(Espa\u00f1ol) 2\u00ba Seminario \u00bfQu\u00e9 es y c\u00f3mo funciona la Uni\u00f3n Europea?<\/span>"},"content":{"rendered":"<p class=\"qtranxs-available-languages-message qtranxs-available-languages-message-en\">Sorry, this entry is only available in <a href=\"https:\/\/derechointernacionalpublico.umh.es\/es\/wp-json\/wp\/v2\/pages\/191\" class=\"qtranxs-available-language-link qtranxs-available-language-link-es\" title=\"Espa\u00f1ol\">European Spanish<\/a>.<\/p>","protected":false},"excerpt":{"rendered":"<p>Sorry, this entry is only available in European Spanish.<\/p>\n","protected":false},"author":789,"featured_media":0,"parent":180,"menu_order":3,"comment_status":"closed","ping_status":"open","template":"","meta":{"ngg_post_thumbnail":0,"_links_to":"","_links_to_target":""},"_links":{"self":[{"href":"https:\/\/derechointernacionalpublico.umh.es\/en\/wp-json\/wp\/v2\/pages\/191"}],"collection":[{"href":"https:\/\/derechointernacionalpublico.umh.es\/en\/wp-json\/wp\/v2\/pages"}],"about":[{"href":"https:\/\/derechointernacionalpublico.umh.es\/en\/wp-json\/wp\/v2\/types\/page"}],"author":[{"embeddable":true,"href":"https:\/\/derechointernacionalpublico.umh.es\/en\/wp-json\/wp\/v2\/users\/789"}],"replies":[{"embeddable":true,"href":"https:\/\/derechointernacionalpublico.umh.es\/en\/wp-json\/wp\/v2\/comments?post=191"}],"version-history":[{"count":0,"href":"https:\/\/derechointernacionalpublico.umh.es\/en\/wp-json\/wp\/v2\/pages\/191\/revisions"}],"up":[{"embeddable":true,"href":"https:\/\/derechointernacionalpublico.umh.es\/en\/wp-json\/wp\/v2\/pages\/180"}],"wp:attachment":[{"href":"https:\/\/derechointernacionalpublico.umh.es\/en\/wp-json\/wp\/v2\/media?parent=191"}],"curies":[{"name":"wp","href":"https:\/\/api.w.org\/{rel}","templated":true}]}}