{"id":202,"date":"2015-11-17T12:08:35","date_gmt":"2015-11-17T11:08:35","guid":{"rendered":"http:\/\/derechointernacionalpublico.umh.es\/?page_id=202"},"modified":"2023-12-05T09:14:46","modified_gmt":"2023-12-05T08:14:46","slug":"2o-seminario-practico-sobre-la-practica-internacional-y-sus-medios-de-prueba-especial-referencia-a-la-practica-europea","status":"publish","type":"page","link":"https:\/\/derechointernacionalpublico.umh.es\/en\/programa-jean-monnet\/catedra-jean-monnet\/actividades-curso-201516\/2o-seminario-practico-sobre-la-practica-internacional-y-sus-medios-de-prueba-especial-referencia-a-la-practica-europea\/","title":{"rendered":"<span lang=\"es\">(Espa\u00f1ol) 2\u00ba Seminario pr\u00e1ctico sobre la Pr\u00e1ctica internacional y sus medios de prueba.Especial referencia a la pr\u00e1ctica europea<\/span>"},"content":{"rendered":"<p class=\"qtranxs-available-languages-message qtranxs-available-languages-message-en\">Sorry, this entry is only available in <a href=\"https:\/\/derechointernacionalpublico.umh.es\/es\/wp-json\/wp\/v2\/pages\/202\" class=\"qtranxs-available-language-link qtranxs-available-language-link-es\" title=\"Espa\u00f1ol\">European Spanish<\/a>.<\/p>","protected":false},"excerpt":{"rendered":"<p>Sorry, this entry is only available in European Spanish.<\/p>\n","protected":false},"author":789,"featured_media":0,"parent":186,"menu_order":1,"comment_status":"closed","ping_status":"open","template":"","meta":{"ngg_post_thumbnail":0,"_links_to":"","_links_to_target":""},"_links":{"self":[{"href":"https:\/\/derechointernacionalpublico.umh.es\/en\/wp-json\/wp\/v2\/pages\/202"}],"collection":[{"href":"https:\/\/derechointernacionalpublico.umh.es\/en\/wp-json\/wp\/v2\/pages"}],"about":[{"href":"https:\/\/derechointernacionalpublico.umh.es\/en\/wp-json\/wp\/v2\/types\/page"}],"author":[{"embeddable":true,"href":"https:\/\/derechointernacionalpublico.umh.es\/en\/wp-json\/wp\/v2\/users\/789"}],"replies":[{"embeddable":true,"href":"https:\/\/derechointernacionalpublico.umh.es\/en\/wp-json\/wp\/v2\/comments?post=202"}],"version-history":[{"count":0,"href":"https:\/\/derechointernacionalpublico.umh.es\/en\/wp-json\/wp\/v2\/pages\/202\/revisions"}],"up":[{"embeddable":true,"href":"https:\/\/derechointernacionalpublico.umh.es\/en\/wp-json\/wp\/v2\/pages\/186"}],"wp:attachment":[{"href":"https:\/\/derechointernacionalpublico.umh.es\/en\/wp-json\/wp\/v2\/media?parent=202"}],"curies":[{"name":"wp","href":"https:\/\/api.w.org\/{rel}","templated":true}]}}