{"id":2390,"date":"2025-10-17T17:32:53","date_gmt":"2025-10-17T15:32:53","guid":{"rendered":"https:\/\/derechointernacionalpublico.umh.es\/?page_id=2390"},"modified":"2025-10-30T18:35:05","modified_gmt":"2025-10-30T17:35:05","slug":"el-derecho-internacional-publico-a-traves-del-cine-un-estado-de-pelicula-pieu-b-2025-83","status":"publish","type":"page","link":"https:\/\/derechointernacionalpublico.umh.es\/en\/actividades\/innovacion\/programa-de-innovacion-docente-universitaria-pieu-umh\/el-derecho-internacional-publico-a-traves-del-cine-un-estado-de-pelicula-pieu-b-2025-83\/","title":{"rendered":"<span lang=\"es\">(Espa\u00f1ol) EL DERECHO INTERNACIONAL P\u00daBLICO A TRAV\u00c9S DEL CINE: \u00bfUN \u201cESTADO\u201d DE PEL\u00cdCULA? (PIEU-B\/2025\/83)<\/span>"},"content":{"rendered":"<p class=\"qtranxs-available-languages-message qtranxs-available-languages-message-en\">Sorry, this entry is only available in <a href=\"https:\/\/derechointernacionalpublico.umh.es\/es\/wp-json\/wp\/v2\/pages\/2390\" class=\"qtranxs-available-language-link qtranxs-available-language-link-es\" title=\"Espa\u00f1ol\">European Spanish<\/a>.<\/p>","protected":false},"excerpt":{"rendered":"<p>Sorry, this entry is only available in European Spanish.<\/p>\n","protected":false},"author":24752,"featured_media":0,"parent":1796,"menu_order":8,"comment_status":"closed","ping_status":"closed","template":"","meta":{"ngg_post_thumbnail":0,"_links_to":"","_links_to_target":""},"_links":{"self":[{"href":"https:\/\/derechointernacionalpublico.umh.es\/en\/wp-json\/wp\/v2\/pages\/2390"}],"collection":[{"href":"https:\/\/derechointernacionalpublico.umh.es\/en\/wp-json\/wp\/v2\/pages"}],"about":[{"href":"https:\/\/derechointernacionalpublico.umh.es\/en\/wp-json\/wp\/v2\/types\/page"}],"author":[{"embeddable":true,"href":"https:\/\/derechointernacionalpublico.umh.es\/en\/wp-json\/wp\/v2\/users\/24752"}],"replies":[{"embeddable":true,"href":"https:\/\/derechointernacionalpublico.umh.es\/en\/wp-json\/wp\/v2\/comments?post=2390"}],"version-history":[{"count":0,"href":"https:\/\/derechointernacionalpublico.umh.es\/en\/wp-json\/wp\/v2\/pages\/2390\/revisions"}],"up":[{"embeddable":true,"href":"https:\/\/derechointernacionalpublico.umh.es\/en\/wp-json\/wp\/v2\/pages\/1796"}],"wp:attachment":[{"href":"https:\/\/derechointernacionalpublico.umh.es\/en\/wp-json\/wp\/v2\/media?parent=2390"}],"curies":[{"name":"wp","href":"https:\/\/api.w.org\/{rel}","templated":true}]}}