{"id":33,"date":"2013-06-06T17:24:08","date_gmt":"2013-06-06T17:24:08","guid":{"rendered":"http:\/\/derechointernacionalpublico.umh.es\/proyectos\/ambito-nacional\/el-derecho-de-la-responsabilidad-internacional-del-estado-y-los-intereses-de-espana-un-analisis-desde-la-practica-mas-reciente-i\/"},"modified":"2025-10-19T20:11:17","modified_gmt":"2025-10-19T18:11:17","slug":"el-derecho-de-la-responsabilidad-internacional-del-estado-y-los-intereses-de-espana-un-analisis-desde-la-practica-mas-reciente-i","status":"publish","type":"page","link":"https:\/\/derechointernacionalpublico.umh.es\/en\/investigacion\/proyectos\/ambito-nacional\/el-derecho-de-la-responsabilidad-internacional-del-estado-y-los-intereses-de-espana-un-analisis-desde-la-practica-mas-reciente-i\/","title":{"rendered":"<span lang=\"es\">(Espa\u00f1ol) EL DERECHO DE LA RESPONSABILIDAD INTERNACIONAL DEL ESTADO Y LOS INTERESES DE ESPA\u00d1A: UN AN\u00c1LISIS DESDE LA PR\u00c1CTICA M\u00c1S RECIENTE (I)<\/span>"},"content":{"rendered":"<p><\/p>\n<p><\/p>","protected":false},"excerpt":{"rendered":"","protected":false},"author":2793,"featured_media":0,"parent":29,"menu_order":17,"comment_status":"closed","ping_status":"open","template":"","meta":{"ngg_post_thumbnail":0,"_links_to":"","_links_to_target":""},"_links":{"self":[{"href":"https:\/\/derechointernacionalpublico.umh.es\/en\/wp-json\/wp\/v2\/pages\/33"}],"collection":[{"href":"https:\/\/derechointernacionalpublico.umh.es\/en\/wp-json\/wp\/v2\/pages"}],"about":[{"href":"https:\/\/derechointernacionalpublico.umh.es\/en\/wp-json\/wp\/v2\/types\/page"}],"author":[{"embeddable":true,"href":"https:\/\/derechointernacionalpublico.umh.es\/en\/wp-json\/wp\/v2\/users\/2793"}],"replies":[{"embeddable":true,"href":"https:\/\/derechointernacionalpublico.umh.es\/en\/wp-json\/wp\/v2\/comments?post=33"}],"version-history":[{"count":0,"href":"https:\/\/derechointernacionalpublico.umh.es\/en\/wp-json\/wp\/v2\/pages\/33\/revisions"}],"up":[{"embeddable":true,"href":"https:\/\/derechointernacionalpublico.umh.es\/en\/wp-json\/wp\/v2\/pages\/29"}],"wp:attachment":[{"href":"https:\/\/derechointernacionalpublico.umh.es\/en\/wp-json\/wp\/v2\/media?parent=33"}],"curies":[{"name":"wp","href":"https:\/\/api.w.org\/{rel}","templated":true}]}}