{"id":34,"date":"2013-06-06T17:26:13","date_gmt":"2013-06-06T17:26:13","guid":{"rendered":"http:\/\/derechointernacionalpublico.umh.es\/proyectos\/ambito-nacional\/la-promocion-y-proteccion-de-las-inversiones-en-el-nuevo-orden-economico-y-la-solucion-de-controversias-entre-estados-y-entre-el-inversor-y-el-estado-receptor-unilateralismobilateralismo-"},"modified":"2025-10-19T20:10:39","modified_gmt":"2025-10-19T18:10:39","slug":"la-promocion-y-proteccion-de-las-inversiones-en-el-nuevo-orden-economico-y-la-solucion-de-controversias-entre-estados-y-entre-el-inversor-y-el-estado-receptor-unilateralismobilateralismo-versus-mult","status":"publish","type":"page","link":"https:\/\/derechointernacionalpublico.umh.es\/en\/investigacion\/proyectos\/ambito-nacional\/la-promocion-y-proteccion-de-las-inversiones-en-el-nuevo-orden-economico-y-la-solucion-de-controversias-entre-estados-y-entre-el-inversor-y-el-estado-receptor-unilateralismobilateralismo-versus-mult\/","title":{"rendered":"<span lang=\"es\">(Espa\u00f1ol) LA PROMOCI\u00d3N Y PROTECCI\u00d3N DE LAS INVERSIONES EN EL NUEVO ORDEN ECON\u00d3MICO Y LA SOLUCI\u00d3N DE CONTROVERSIAS ENTRE ESTADOS Y ENTRE EL INVERSOR Y EL ESTADO RECEPTOR (UNILATERALISMO\/BILATERALISMO VERSUS MULTILATERALISMO)<\/span>"},"content":{"rendered":"<p class=\"qtranxs-available-languages-message qtranxs-available-languages-message-en\">Sorry, this entry is only available in <a href=\"https:\/\/derechointernacionalpublico.umh.es\/es\/wp-json\/wp\/v2\/pages\/34\" class=\"qtranxs-available-language-link qtranxs-available-language-link-es\" title=\"Espa\u00f1ol\">European Spanish<\/a>.<\/p>","protected":false},"excerpt":{"rendered":"<p>Sorry, this entry is only available in European Spanish.<\/p>\n","protected":false},"author":2793,"featured_media":0,"parent":29,"menu_order":19,"comment_status":"closed","ping_status":"open","template":"","meta":{"ngg_post_thumbnail":0,"_links_to":"","_links_to_target":""},"_links":{"self":[{"href":"https:\/\/derechointernacionalpublico.umh.es\/en\/wp-json\/wp\/v2\/pages\/34"}],"collection":[{"href":"https:\/\/derechointernacionalpublico.umh.es\/en\/wp-json\/wp\/v2\/pages"}],"about":[{"href":"https:\/\/derechointernacionalpublico.umh.es\/en\/wp-json\/wp\/v2\/types\/page"}],"author":[{"embeddable":true,"href":"https:\/\/derechointernacionalpublico.umh.es\/en\/wp-json\/wp\/v2\/users\/2793"}],"replies":[{"embeddable":true,"href":"https:\/\/derechointernacionalpublico.umh.es\/en\/wp-json\/wp\/v2\/comments?post=34"}],"version-history":[{"count":0,"href":"https:\/\/derechointernacionalpublico.umh.es\/en\/wp-json\/wp\/v2\/pages\/34\/revisions"}],"up":[{"embeddable":true,"href":"https:\/\/derechointernacionalpublico.umh.es\/en\/wp-json\/wp\/v2\/pages\/29"}],"wp:attachment":[{"href":"https:\/\/derechointernacionalpublico.umh.es\/en\/wp-json\/wp\/v2\/media?parent=34"}],"curies":[{"name":"wp","href":"https:\/\/api.w.org\/{rel}","templated":true}]}}