{"id":39,"date":"2013-06-06T17:31:13","date_gmt":"2013-06-06T17:31:13","guid":{"rendered":"http:\/\/derechointernacionalpublico.umh.es\/investigacion\/proyectos\/otros-ambitos\/el-arbitraje-internacional-de-inversion-estudio-de-la-practica-del-ciadi-y-otras-instituciones\/"},"modified":"2023-12-07T13:49:41","modified_gmt":"2023-12-07T12:49:41","slug":"el-arbitraje-internacional-de-inversion-estudio-de-la-practica-del-ciadi-y-otras-instituciones","status":"publish","type":"page","link":"https:\/\/derechointernacionalpublico.umh.es\/en\/investigacion\/proyectos\/otros-ambitos\/el-arbitraje-internacional-de-inversion-estudio-de-la-practica-del-ciadi-y-otras-instituciones\/","title":{"rendered":"<span lang=\"es\">(Espa\u00f1ol) EL ARBITRAJE INTERNACIONAL DE INVERSI\u00d3N: ESTUDIO DE LA PR\u00c1CTICA DEL CIADI Y OTRAS INSTITUCIONES<\/span>"},"content":{"rendered":"<p class=\"qtranxs-available-languages-message qtranxs-available-languages-message-en\">Sorry, this entry is only available in <a href=\"https:\/\/derechointernacionalpublico.umh.es\/es\/wp-json\/wp\/v2\/pages\/39\" class=\"qtranxs-available-language-link qtranxs-available-language-link-es\" title=\"Espa\u00f1ol\">European Spanish<\/a>.<\/p>","protected":false},"excerpt":{"rendered":"<p>Sorry, this entry is only available in European Spanish.<\/p>\n","protected":false},"author":2793,"featured_media":0,"parent":36,"menu_order":14,"comment_status":"closed","ping_status":"open","template":"","meta":{"ngg_post_thumbnail":0,"_links_to":"","_links_to_target":""},"_links":{"self":[{"href":"https:\/\/derechointernacionalpublico.umh.es\/en\/wp-json\/wp\/v2\/pages\/39"}],"collection":[{"href":"https:\/\/derechointernacionalpublico.umh.es\/en\/wp-json\/wp\/v2\/pages"}],"about":[{"href":"https:\/\/derechointernacionalpublico.umh.es\/en\/wp-json\/wp\/v2\/types\/page"}],"author":[{"embeddable":true,"href":"https:\/\/derechointernacionalpublico.umh.es\/en\/wp-json\/wp\/v2\/users\/2793"}],"replies":[{"embeddable":true,"href":"https:\/\/derechointernacionalpublico.umh.es\/en\/wp-json\/wp\/v2\/comments?post=39"}],"version-history":[{"count":0,"href":"https:\/\/derechointernacionalpublico.umh.es\/en\/wp-json\/wp\/v2\/pages\/39\/revisions"}],"up":[{"embeddable":true,"href":"https:\/\/derechointernacionalpublico.umh.es\/en\/wp-json\/wp\/v2\/pages\/36"}],"wp:attachment":[{"href":"https:\/\/derechointernacionalpublico.umh.es\/en\/wp-json\/wp\/v2\/media?parent=39"}],"curies":[{"name":"wp","href":"https:\/\/api.w.org\/{rel}","templated":true}]}}