{"id":40,"date":"2013-06-06T17:31:48","date_gmt":"2013-06-06T17:31:48","guid":{"rendered":"http:\/\/derechointernacionalpublico.umh.es\/investigacion\/proyectos\/otros-ambitos\/inmigracion-extranjeria-ciudadania-y-proteccion-de-las-minorias-en-el-estado-del-bienestar-caso-de-espana\/"},"modified":"2023-12-07T13:39:29","modified_gmt":"2023-12-07T12:39:29","slug":"inmigracion-extranjeria-ciudadania-y-proteccion-de-las-minorias-en-el-estado-del-bienestar-caso-de-espana","status":"publish","type":"page","link":"https:\/\/derechointernacionalpublico.umh.es\/en\/investigacion\/proyectos\/otros-ambitos\/inmigracion-extranjeria-ciudadania-y-proteccion-de-las-minorias-en-el-estado-del-bienestar-caso-de-espana\/","title":{"rendered":"<span lang=\"es\">(Espa\u00f1ol) INMIGRACI\u00d3N, EXTRANJER\u00cdA, CIUDADAN\u00cdA Y PROTECCI\u00d3N DE LAS MINOR\u00cdAS EN EL ESTADO DEL BIENESTAR: CASO DE ESPA\u00d1A<\/span>"},"content":{"rendered":"<p class=\"qtranxs-available-languages-message qtranxs-available-languages-message-en\">Sorry, this entry is only available in <a href=\"https:\/\/derechointernacionalpublico.umh.es\/es\/wp-json\/wp\/v2\/pages\/40\" class=\"qtranxs-available-language-link qtranxs-available-language-link-es\" title=\"Espa\u00f1ol\">European Spanish<\/a>.<\/p>","protected":false},"excerpt":{"rendered":"<p>Sorry, this entry is only available in European Spanish.<\/p>\n","protected":false},"author":2793,"featured_media":0,"parent":36,"menu_order":16,"comment_status":"closed","ping_status":"open","template":"","meta":{"ngg_post_thumbnail":0,"_links_to":"","_links_to_target":""},"_links":{"self":[{"href":"https:\/\/derechointernacionalpublico.umh.es\/en\/wp-json\/wp\/v2\/pages\/40"}],"collection":[{"href":"https:\/\/derechointernacionalpublico.umh.es\/en\/wp-json\/wp\/v2\/pages"}],"about":[{"href":"https:\/\/derechointernacionalpublico.umh.es\/en\/wp-json\/wp\/v2\/types\/page"}],"author":[{"embeddable":true,"href":"https:\/\/derechointernacionalpublico.umh.es\/en\/wp-json\/wp\/v2\/users\/2793"}],"replies":[{"embeddable":true,"href":"https:\/\/derechointernacionalpublico.umh.es\/en\/wp-json\/wp\/v2\/comments?post=40"}],"version-history":[{"count":0,"href":"https:\/\/derechointernacionalpublico.umh.es\/en\/wp-json\/wp\/v2\/pages\/40\/revisions"}],"up":[{"embeddable":true,"href":"https:\/\/derechointernacionalpublico.umh.es\/en\/wp-json\/wp\/v2\/pages\/36"}],"wp:attachment":[{"href":"https:\/\/derechointernacionalpublico.umh.es\/en\/wp-json\/wp\/v2\/media?parent=40"}],"curies":[{"name":"wp","href":"https:\/\/api.w.org\/{rel}","templated":true}]}}