{"id":731,"date":"2019-10-13T20:45:08","date_gmt":"2019-10-13T18:45:08","guid":{"rendered":"http:\/\/derechointernacionalpublico.umh.es\/?page_id=731"},"modified":"2023-12-07T13:39:11","modified_gmt":"2023-12-07T12:39:11","slug":"reflexiones-sobre-el-papel-de-la-ue-y-de-sus-estados-miembros-ante-la-crisis-migratoria-de-los-ultimos-anos","status":"publish","type":"page","link":"https:\/\/derechointernacionalpublico.umh.es\/en\/investigacion\/proyectos\/otros-ambitos\/reflexiones-sobre-el-papel-de-la-ue-y-de-sus-estados-miembros-ante-la-crisis-migratoria-de-los-ultimos-anos\/","title":{"rendered":"<span lang=\"es\">(Espa\u00f1ol) REFLEXIONES SOBRE EL PAPEL DE LA UE Y DE SUS ESTADOS MIEMBROS ANTE LA CRISIS MIGRATORIA DE LOS \u00daLTIMOS A\u00d1OS<\/span>"},"content":{"rendered":"<p class=\"qtranxs-available-languages-message qtranxs-available-languages-message-en\">Sorry, this entry is only available in <a href=\"https:\/\/derechointernacionalpublico.umh.es\/es\/wp-json\/wp\/v2\/pages\/731\" class=\"qtranxs-available-language-link qtranxs-available-language-link-es\" title=\"Espa\u00f1ol\">European Spanish<\/a>.<\/p>","protected":false},"excerpt":{"rendered":"<p>Sorry, this entry is only available in European Spanish.<\/p>\n","protected":false},"author":789,"featured_media":0,"parent":36,"menu_order":17,"comment_status":"closed","ping_status":"closed","template":"","meta":{"ngg_post_thumbnail":0,"_links_to":"","_links_to_target":""},"_links":{"self":[{"href":"https:\/\/derechointernacionalpublico.umh.es\/en\/wp-json\/wp\/v2\/pages\/731"}],"collection":[{"href":"https:\/\/derechointernacionalpublico.umh.es\/en\/wp-json\/wp\/v2\/pages"}],"about":[{"href":"https:\/\/derechointernacionalpublico.umh.es\/en\/wp-json\/wp\/v2\/types\/page"}],"author":[{"embeddable":true,"href":"https:\/\/derechointernacionalpublico.umh.es\/en\/wp-json\/wp\/v2\/users\/789"}],"replies":[{"embeddable":true,"href":"https:\/\/derechointernacionalpublico.umh.es\/en\/wp-json\/wp\/v2\/comments?post=731"}],"version-history":[{"count":0,"href":"https:\/\/derechointernacionalpublico.umh.es\/en\/wp-json\/wp\/v2\/pages\/731\/revisions"}],"up":[{"embeddable":true,"href":"https:\/\/derechointernacionalpublico.umh.es\/en\/wp-json\/wp\/v2\/pages\/36"}],"wp:attachment":[{"href":"https:\/\/derechointernacionalpublico.umh.es\/en\/wp-json\/wp\/v2\/media?parent=731"}],"curies":[{"name":"wp","href":"https:\/\/api.w.org\/{rel}","templated":true}]}}