{"id":947,"date":"2020-03-04T16:23:02","date_gmt":"2020-03-04T15:23:02","guid":{"rendered":"https:\/\/derechointernacionalpublico.umh.es\/?page_id=947"},"modified":"2023-12-01T19:07:22","modified_gmt":"2023-12-01T18:07:22","slug":"jornada-encuentro-alumnado-umh-ies-nit-de-lalba-preparacion-simulacion-un-women","status":"publish","type":"page","link":"https:\/\/derechointernacionalpublico.umh.es\/en\/actividades\/innovacion\/muns-model-of-united-nations\/mun-model-of-united-nations-un-women-la-violencia-contra-la-mujer\/jornada-encuentro-alumnado-umh-ies-nit-de-lalba-preparacion-simulacion-un-women\/","title":{"rendered":"<span lang=\"es\">(Espa\u00f1ol) Jornada\/encuentro alumnado UMH-IES Nit de l\u2019Alb\u00e0. Preparaci\u00f3n simulaci\u00f3n UN Women<\/span>"},"content":{"rendered":"<p class=\"qtranxs-available-languages-message qtranxs-available-languages-message-en\">Sorry, this entry is only available in <a href=\"https:\/\/derechointernacionalpublico.umh.es\/es\/wp-json\/wp\/v2\/pages\/947\" class=\"qtranxs-available-language-link qtranxs-available-language-link-es\" title=\"Espa\u00f1ol\">European Spanish<\/a>.<\/p>","protected":false},"excerpt":{"rendered":"<p>Sorry, this entry is only available in European Spanish.<\/p>\n","protected":false},"author":789,"featured_media":0,"parent":941,"menu_order":2,"comment_status":"closed","ping_status":"closed","template":"","meta":{"ngg_post_thumbnail":0,"_links_to":"","_links_to_target":""},"_links":{"self":[{"href":"https:\/\/derechointernacionalpublico.umh.es\/en\/wp-json\/wp\/v2\/pages\/947"}],"collection":[{"href":"https:\/\/derechointernacionalpublico.umh.es\/en\/wp-json\/wp\/v2\/pages"}],"about":[{"href":"https:\/\/derechointernacionalpublico.umh.es\/en\/wp-json\/wp\/v2\/types\/page"}],"author":[{"embeddable":true,"href":"https:\/\/derechointernacionalpublico.umh.es\/en\/wp-json\/wp\/v2\/users\/789"}],"replies":[{"embeddable":true,"href":"https:\/\/derechointernacionalpublico.umh.es\/en\/wp-json\/wp\/v2\/comments?post=947"}],"version-history":[{"count":0,"href":"https:\/\/derechointernacionalpublico.umh.es\/en\/wp-json\/wp\/v2\/pages\/947\/revisions"}],"up":[{"embeddable":true,"href":"https:\/\/derechointernacionalpublico.umh.es\/en\/wp-json\/wp\/v2\/pages\/941"}],"wp:attachment":[{"href":"https:\/\/derechointernacionalpublico.umh.es\/en\/wp-json\/wp\/v2\/media?parent=947"}],"curies":[{"name":"wp","href":"https:\/\/api.w.org\/{rel}","templated":true}]}}